{"id":913,"date":"2015-10-02T16:38:56","date_gmt":"2015-10-02T14:38:56","guid":{"rendered":"https:\/\/schlickfuss.de\/de\/?page_id=913"},"modified":"2024-03-30T16:21:23","modified_gmt":"2024-03-30T14:21:23","slug":"gefahren-im-watt","status":"publish","type":"page","link":"https:\/\/schlickfuss.de\/de\/gefahren-im-watt\/","title":{"rendered":"Gefahren im Watt"},"content":{"rendered":"\n<style type=\"text\/css\" data-created_by=\"avia_inline_auto\" id=\"style-css-av-2a2uxl-6b597e872510b8f9d60b5877cef67934\">\n.avia-section.av-2a2uxl-6b597e872510b8f9d60b5877cef67934{\nbackground-repeat:no-repeat;\nbackground-image:url(https:\/\/schlickfuss.de\/de\/wp-content\/uploads\/sites\/5\/2015\/10\/wattwandern_schlickfuss_background_0071.jpg);\nbackground-position:50% 50%;\nbackground-attachment:scroll;\n}\n<\/style>\n<div id='av_section_1'  class='avia-section av-2a2uxl-6b597e872510b8f9d60b5877cef67934 alternate_color avia-section-default avia-no-shadow  avia-builder-el-0  el_before_av_section  avia-builder-el-first  avia-full-stretch avia-bg-style-scroll container_wrap sidebar_right'  data-section-bg-repeat='stretch'><div class='container av-section-cont-open' ><main  role=\"main\" itemprop=\"mainContentOfPage\"  class='template-page content  av-content-small alpha units'><div class='post-entry post-entry-type-page post-entry-913'><div class='entry-content-wrapper clearfix'>\n\n<style type=\"text\/css\" data-created_by=\"avia_inline_auto\" id=\"style-css-av-22uf5t-280afeb3a65b196584895fdf110ebf4e\">\n.flex_column.av-22uf5t-280afeb3a65b196584895fdf110ebf4e{\nborder-radius:0px 0px 0px 0px;\npadding:0px 0px 0px 0px;\n}\n<\/style>\n<div  class='flex_column av-22uf5t-280afeb3a65b196584895fdf110ebf4e av_one_full  avia-builder-el-1  el_before_av_one_third  avia-builder-el-first  first flex_column_div av-zero-column-padding  '     ><div  class='av_promobox av-1wdzvl-05c501ceb1acfd28a2bab6d927b60ac0 avia-button-no  avia-builder-el-2  avia-builder-el-no-sibling '><div class='avia-promocontent'><\/p>\n<h3>Jedes Jahr ertrinken Wattwanderer in der Nord- und Ostsee weil Sie uninformiert eine Wattwanderung unternehmen. Bitte untersch\u00e4tzen Sie niemals die Kraft und Schnelligkeit der zur\u00fcckkommenden Flut.<\/h3>\n<p>Beachten Sie die nachfolgenden Sicherheitshinweise und informieren Sie sich vor (!) der Wattwanderung bei den zust\u00e4ndigen Verkehrs\u00e4mtern und Kurverwaltungen.<\/p>\n<\/div><\/div><\/div>\n<style type=\"text\/css\" data-created_by=\"avia_inline_auto\" id=\"style-css-av-1sznk1-256e798453f4b685c6d1eff7467c9e7c\">\n.flex_column.av-1sznk1-256e798453f4b685c6d1eff7467c9e7c{\nborder-radius:0px 0px 0px 0px;\npadding:0px 0px 0px 0px;\n}\n<\/style>\n<div  class='flex_column av-1sznk1-256e798453f4b685c6d1eff7467c9e7c av_one_third  avia-builder-el-3  el_after_av_one_full  el_before_av_one_third  first flex_column_div av-zero-column-padding  column-top-margin'     ><article  class='iconbox iconbox_top av-1krq09-3c6a58355216625c9f0c758351f44772  avia-builder-el-4  avia-builder-el-no-sibling  main_color'  itemscope=\"itemscope\" itemtype=\"https:\/\/schema.org\/CreativeWork\" ><div class=\"iconbox_content\"><header class=\"entry-content-header\"><div class=\"iconbox_icon heading-color\" aria-hidden='true' data-av_icon='\ue83e' data-av_iconfont='entypo-fontello'><\/div><h3 class='iconbox_content_title '  itemprop=\"headline\" >Vorab informieren &amp; planen<\/h3><\/header><div class='iconbox_content_container '  itemprop=\"text\" ><p><img loading=\"lazy\" decoding=\"async\" class=\"alignnone wp-image-923 size-full\" src=\"https:\/\/schlickfuss.de\/de\/wp-content\/uploads\/sites\/5\/2015\/10\/wattwandern_schlickfuss_gallery_077.jpg\" alt=\"\" width=\"300\" height=\"201\" \/><\/p>\n<p>Rechtzeitig vor der Wattwanderung sollten Sie sich \u00fcber die aktuelle Wetterlage und mittels eines Tidekalenders \u00fcber die Wattwanderzeiten informieren. Starten Sie niemals bei auflaufendem Wasser (Flut) zu einer Wattwanderung und planen Sie immer ausreichend Zeit f\u00fcr den R\u00fcckweg ein.<\/p>\n<\/div><\/div><footer class=\"entry-footer\"><\/footer><\/article><\/div>\n<style type=\"text\/css\" data-created_by=\"avia_inline_auto\" id=\"style-css-av-1civa1-391cd22823bf6cde69d0ef8c0ddc9497\">\n.flex_column.av-1civa1-391cd22823bf6cde69d0ef8c0ddc9497{\nborder-radius:0px 0px 0px 0px;\npadding:0px 0px 0px 0px;\n}\n<\/style>\n<div  class='flex_column av-1civa1-391cd22823bf6cde69d0ef8c0ddc9497 av_one_third  avia-builder-el-5  el_after_av_one_third  el_before_av_one_third  flex_column_div av-zero-column-padding  column-top-margin'     ><article  class='iconbox iconbox_top av-19n70x-f5de2a84cc2d49c9683c2a1f85eed638  avia-builder-el-6  avia-builder-el-no-sibling  main_color'  itemscope=\"itemscope\" itemtype=\"https:\/\/schema.org\/CreativeWork\" ><div class=\"iconbox_content\"><header class=\"entry-content-header\"><div class=\"iconbox_icon heading-color\" aria-hidden='true' data-av_icon='\ue83e' data-av_iconfont='entypo-fontello'><\/div><h3 class='iconbox_content_title '  itemprop=\"headline\" >Nie alleine ins Watt<\/h3><\/header><div class='iconbox_content_container '  itemprop=\"text\" ><p><img loading=\"lazy\" decoding=\"async\" class=\"alignnone wp-image-924 size-full\" src=\"https:\/\/schlickfuss.de\/de\/wp-content\/uploads\/sites\/5\/2015\/10\/wattwandern_schlickfuss_gallery_078.jpg\" alt=\"\" width=\"300\" height=\"200\" \/><\/p>\n<p>Nur mit einem kundigen Wattf\u00fchrer oder einer Wattf\u00fchrerin. Nehmen Sie nach M\u00f6glichkeit ein Handy mit (Notfallnummer: 112). Gut sichtbare Kleidung hilft im Notfall sehr. Kinder unter 6-8 Jahren sollten laut DLRG nicht an einer Wattwanderung teilnehmen.<\/p>\n<\/div><\/div><footer class=\"entry-footer\"><\/footer><\/article><\/div>\n<style type=\"text\/css\" data-created_by=\"avia_inline_auto\" id=\"style-css-av-135c1l-0b90482344d0e15acd8284ce11456f26\">\n.flex_column.av-135c1l-0b90482344d0e15acd8284ce11456f26{\nborder-radius:0px 0px 0px 0px;\npadding:0px 0px 0px 0px;\n}\n<\/style>\n<div  class='flex_column av-135c1l-0b90482344d0e15acd8284ce11456f26 av_one_third  avia-builder-el-7  el_after_av_one_third  el_before_av_one_third  flex_column_div av-zero-column-padding  column-top-margin'     ><article  class='iconbox iconbox_top av-vn7i9-e75058fb0451337a53e7a85a593b4354  avia-builder-el-8  avia-builder-el-no-sibling  main_color'  itemscope=\"itemscope\" itemtype=\"https:\/\/schema.org\/CreativeWork\" ><div class=\"iconbox_content\"><header class=\"entry-content-header\"><div class=\"iconbox_icon heading-color\" aria-hidden='true' data-av_icon='\ue83e' data-av_iconfont='entypo-fontello'><\/div><h3 class='iconbox_content_title '  itemprop=\"headline\" >Nur bei gutem Wetter<\/h3><\/header><div class='iconbox_content_container '  itemprop=\"text\" ><p><img loading=\"lazy\" decoding=\"async\" class=\"alignnone wp-image-925 size-full\" src=\"https:\/\/schlickfuss.de\/de\/wp-content\/uploads\/sites\/5\/2015\/10\/wattwandern_schlickfuss_gallery_079.jpg\" alt=\"\" width=\"300\" height=\"200\" \/><\/p>\n<p>Eine Wattwanderung sollte nur im Sommer tags\u00fcber (Sonnenaufgang bis Sonnenuntergang) durchgef\u00fchrt werden. Die Sichtverh\u00e4ltnisse m\u00fcssen gut sein. Gehen Sie niemals bei D\u00e4mmerung, Dunkelheit, Nebel, Gewitter oder Sturm ins Watt.<\/p>\n<\/div><\/div><footer class=\"entry-footer\"><\/footer><\/article><\/div>\n<style type=\"text\/css\" data-created_by=\"avia_inline_auto\" id=\"style-css-av-s9wzt-3f53ac9aaa06469ce84b3569a9282e38\">\n.flex_column.av-s9wzt-3f53ac9aaa06469ce84b3569a9282e38{\nborder-radius:0px 0px 0px 0px;\npadding:0px 0px 0px 0px;\n}\n<\/style>\n<div  class='flex_column av-s9wzt-3f53ac9aaa06469ce84b3569a9282e38 av_one_third  avia-builder-el-9  el_after_av_one_third  el_before_av_one_third  first flex_column_div av-zero-column-padding  column-top-margin'     ><article  class='iconbox iconbox_top av-ih229-a1b1e54939394a34fe03afee4955ebd7  avia-builder-el-10  avia-builder-el-no-sibling  main_color'  itemscope=\"itemscope\" itemtype=\"https:\/\/schema.org\/CreativeWork\" ><div class=\"iconbox_content\"><header class=\"entry-content-header\"><div class=\"iconbox_icon heading-color\" aria-hidden='true' data-av_icon='\ue83e' data-av_iconfont='entypo-fontello'><\/div><h3 class='iconbox_content_title '  itemprop=\"headline\" >Orientieren Sie sich<\/h3><\/header><div class='iconbox_content_container '  itemprop=\"text\" ><p><img loading=\"lazy\" decoding=\"async\" class=\"alignnone wp-image-926 size-full\" src=\"https:\/\/schlickfuss.de\/de\/wp-content\/uploads\/sites\/5\/2015\/10\/wattwandern_schlickfuss_gallery_080.jpg\" alt=\"\" width=\"300\" height=\"200\" \/><\/p>\n<p>W\u00e4hrend der Wattwanderung sollte Sie versuchen, sich aufmerksam zu orientieren, beispielsweise anhand der Buschpricken und Markierungsstangen. Merken Sie sich auch markante Orientierungspunkte auf dem Festland (z.B. hohe Geb\u00e4ude). Achten Sie auf die Windrichtung und beobachten Sie das Ziehen der Wolken. Wenn an den Badestationen Signalb\u00e4lle hochgezogen werden, verlassen Sie z\u00fcgig das Wattgebiet.<\/p>\n<\/div><\/div><footer class=\"entry-footer\"><\/footer><\/article><\/div>\n<style type=\"text\/css\" data-created_by=\"avia_inline_auto\" id=\"style-css-av-fmk8x-6561814f112f70ce9a9e64c1bf242758\">\n.flex_column.av-fmk8x-6561814f112f70ce9a9e64c1bf242758{\nborder-radius:0px 0px 0px 0px;\npadding:0px 0px 0px 0px;\n}\n<\/style>\n<div  class='flex_column av-fmk8x-6561814f112f70ce9a9e64c1bf242758 av_one_third  avia-builder-el-11  el_after_av_one_third  avia-builder-el-last  flex_column_div av-zero-column-padding  column-top-margin'     ><article  class='iconbox iconbox_top av-acekh-530a48edc34086f681a88304b1d0a49f  avia-builder-el-12  avia-builder-el-no-sibling  main_color'  itemscope=\"itemscope\" itemtype=\"https:\/\/schema.org\/CreativeWork\" ><div class=\"iconbox_content\"><header class=\"entry-content-header\"><div class=\"iconbox_icon heading-color\" aria-hidden='true' data-av_icon='\ue83e' data-av_iconfont='entypo-fontello'><\/div><h3 class='iconbox_content_title '  itemprop=\"headline\" >Schlickfelder und Priele<\/h3><\/header><div class='iconbox_content_container '  itemprop=\"text\" ><p><img loading=\"lazy\" decoding=\"async\" class=\"alignnone wp-image-927 size-full\" src=\"https:\/\/schlickfuss.de\/de\/wp-content\/uploads\/sites\/5\/2015\/10\/wattwandern_schlickfuss_gallery_081.jpg\" alt=\"\" width=\"300\" height=\"200\" \/><\/p>\n<p>Bleiben Sie auf den Wattwanderwegen. In Schlickfeldern k\u00f6nnten Sie einsinken. Auch Senken, L\u00f6cher und Muschelfelder sind lebensgef\u00e4hrlich. Bei auflaufendem Wasser (kommende Flut) herrscht starke Str\u00f6mung in den Prielen. Auch ge\u00fcbte Schwimmer sollten auf keinen Fall versuchen einen Priel zu durchschwimmen.<\/p>\n<\/div><\/div><footer class=\"entry-footer\"><\/footer><\/article><\/div>\n\n<\/div><\/div><\/main><!-- close content main element --><\/div><\/div>\n<style type=\"text\/css\" data-created_by=\"avia_inline_auto\" id=\"style-css-av-av_section-686f6780f626f78f857d41940691ef03\">\n.avia-section.av-av_section-686f6780f626f78f857d41940691ef03{\nbackground-color:#ff00dc;\nbackground-image:unset;\n}\n<\/style>\n<div id='pics_beach_sandals'  class='avia-section av-av_section-686f6780f626f78f857d41940691ef03 main_color avia-section-small avia-no-border-styling  avia-builder-el-13  el_after_av_section  el_before_av_section  avia-bg-style-scroll container_wrap sidebar_right'  ><div class='container av-section-cont-open' ><div class='template-page content  av-content-small alpha units'><div class='post-entry post-entry-type-page post-entry-913'><div class='entry-content-wrapper clearfix'>\n<div  class='flex_column av-av_one_full-2a9015ff38129c418a3f2eafba3e9512 av_one_full  avia-builder-el-14  avia-builder-el-no-sibling  first flex_column_div  '     ><style type=\"text\/css\" data-created_by=\"avia_inline_auto\" id=\"style-css-av-av_hr-8bf27db17205c996eda7479e8985ef87\">\n#top .hr.av-av_hr-8bf27db17205c996eda7479e8985ef87{\nmargin-top:0px;\nmargin-bottom:0px;\n}\n.hr.av-av_hr-8bf27db17205c996eda7479e8985ef87 .hr-inner{\nwidth:50px;\nborder-color:#ff00dc;\n}\n<\/style>\n<div  class='hr av-av_hr-8bf27db17205c996eda7479e8985ef87 hr-custom  avia-builder-el-15  avia-builder-el-no-sibling  hr-center hr-icon-no'><span class='hr-inner inner-border-av-border-thin'><span class=\"hr-inner-style\"><\/span><\/span><\/div><\/div>\n\n<\/div><\/div><\/div><!-- close content main div --><\/div><\/div>\n<style type=\"text\/css\" data-created_by=\"avia_inline_auto\" id=\"style-css-av-av_section-b439a5c65513832f61df0e768450d31a\">\n.avia-section.av-av_section-b439a5c65513832f61df0e768450d31a{\nbackground-repeat:no-repeat;\nbackground-image:url(https:\/\/schlickfuss.de\/de\/wp-content\/uploads\/sites\/5\/2015\/02\/wattwandern_schlickfuss_background_003.jpg);\nbackground-position:50% 0%;\nbackground-attachment:fixed;\n}\n<\/style>\n<div id='av_section_3'  class='avia-section av-av_section-b439a5c65513832f61df0e768450d31a main_color avia-section-large avia-no-border-styling  avia-builder-el-16  el_after_av_section  avia-builder-el-last  avia-full-stretch avia-bg-style-fixed av-minimum-height av-minimum-height-75 av-height-75  container_wrap sidebar_right'  data-section-bg-repeat='stretch' data-av_minimum_height_pc='75' data-av_min_height_opt='75'><div class='container av-section-cont-open' ><div class='template-page content  av-content-small alpha units'><div class='post-entry post-entry-type-page post-entry-913'><div class='entry-content-wrapper clearfix'>\n\n<style type=\"text\/css\" data-created_by=\"avia_inline_auto\" id=\"style-css-av-av_three_fifth-352b07ef7d3bc99b2e9f92e7a9e06bdb\">\n.flex_column.av-av_three_fifth-352b07ef7d3bc99b2e9f92e7a9e06bdb{\nborder-radius:0px 0px 0px 0px;\npadding:0px 0px 0px 0px;\n}\n<\/style>\n<div  class='flex_column av-av_three_fifth-352b07ef7d3bc99b2e9f92e7a9e06bdb av_three_fifth  avia-builder-el-17  el_before_av_one_fifth  avia-builder-el-first  first flex_column_div av-zero-column-padding  '     ><style type=\"text\/css\" data-created_by=\"avia_inline_auto\" id=\"style-css-av-av_heading-046fbe4101f716de8827aa73e6196620\">\n#top .av-special-heading.av-av_heading-046fbe4101f716de8827aa73e6196620{\npadding-bottom:10px;\ncolor:#000000;\nfont-size:40px;\n}\nbody .av-special-heading.av-av_heading-046fbe4101f716de8827aa73e6196620 .av-special-heading-tag .heading-char{\nfont-size:25px;\n}\n#top #wrap_all .av-special-heading.av-av_heading-046fbe4101f716de8827aa73e6196620 .av-special-heading-tag{\nfont-size:40px;\n}\n.av-special-heading.av-av_heading-046fbe4101f716de8827aa73e6196620 .special-heading-inner-border{\nborder-color:#000000;\n}\n.av-special-heading.av-av_heading-046fbe4101f716de8827aa73e6196620 .av-subheading{\nfont-size:15px;\n}\n\n@media only screen and (min-width: 480px) and (max-width: 767px){ \n#top #wrap_all .av-special-heading.av-av_heading-046fbe4101f716de8827aa73e6196620 .av-special-heading-tag{\nfont-size:0.8em;\n}\n}\n\n@media only screen and (max-width: 479px){ \n#top #wrap_all .av-special-heading.av-av_heading-046fbe4101f716de8827aa73e6196620 .av-special-heading-tag{\nfont-size:0.8em;\n}\n}\n<\/style>\n<div  class='av-special-heading av-av_heading-046fbe4101f716de8827aa73e6196620 av-special-heading-h1 custom-color-heading blockquote modern-quote  avia-builder-el-18  avia-builder-el-no-sibling  av-thin-font av-inherit-size'><h1 class='av-special-heading-tag'  itemprop=\"headline\"  ><strong>M\u00f6chtest Du unseren Newsletter erhalten?<br \/>\nMelde Dich hier an!<\/strong><\/h1><div class=\"special-heading-border\"><div class=\"special-heading-inner-border\"><\/div><\/div><\/div><\/div>\n<style type=\"text\/css\" data-created_by=\"avia_inline_auto\" id=\"style-css-av-av_one_fifth-2a64de42b738552fe666ca889af77e28\">\n.flex_column.av-av_one_fifth-2a64de42b738552fe666ca889af77e28{\nborder-radius:0px 0px 0px 0px;\npadding:0px 0px 0px 0px;\n}\n<\/style>\n<div  class='flex_column av-av_one_fifth-2a64de42b738552fe666ca889af77e28 av_one_fifth  avia-builder-el-19  el_after_av_three_fifth  el_before_av_one_fifth  flex_column_div av-zero-column-padding  '     ><\/div>\n<style type=\"text\/css\" data-created_by=\"avia_inline_auto\" id=\"style-css-av-av_one_fifth-2a64de42b738552fe666ca889af77e28\">\n.flex_column.av-av_one_fifth-2a64de42b738552fe666ca889af77e28{\nborder-radius:0px 0px 0px 0px;\npadding:0px 0px 0px 0px;\n}\n<\/style>\n<div  class='flex_column av-av_one_fifth-2a64de42b738552fe666ca889af77e28 av_one_fifth  avia-builder-el-20  el_after_av_one_fifth  el_before_av_one_third  flex_column_div av-zero-column-padding  '     ><\/div>\n<style type=\"text\/css\" data-created_by=\"avia_inline_auto\" id=\"style-css-av-av_one_third-352b07ef7d3bc99b2e9f92e7a9e06bdb\">\n.flex_column.av-av_one_third-352b07ef7d3bc99b2e9f92e7a9e06bdb{\nborder-radius:0px 0px 0px 0px;\npadding:0px 0px 0px 0px;\n}\n<\/style>\n<div  class='flex_column av-av_one_third-352b07ef7d3bc99b2e9f92e7a9e06bdb av_one_third  avia-builder-el-21  el_after_av_one_fifth  el_before_av_one_third  first flex_column_div av-zero-column-padding  column-top-margin'     ><form action=\"https:\/\/schlickfuss.de\/de\/gefahren-im-watt\/\" method=\"post\" data-fields-with-error=\"Found errors in the following field(s):\" class=\"avia_ajax_form av-form-labels-hidden   avia-builder-el-22  avia-builder-el-no-sibling   \" data-avia-form-id=\"1\" data-avia-redirect='' ><fieldset><p class='  first_form  form_element form_element_three_fourth av-last-visible-form-element' id='element_avia_1_1'><label for=\"avia_1_1\">E-Mail <abbr class=\"required\" title=\"required\">*<\/abbr><\/label> <input name=\"avia_1_1\" class=\"text_input is_email\" type=\"text\" id=\"avia_1_1\" value=\"\"  placeholder='E-Mail*'\/><\/p><p class=\"hidden\"><input type=\"text\" name=\"avia_2_1\" class=\"hidden \" id=\"avia_2_1\" value=\"\" \/><\/p><p class=\"form_element form_element_fourth modified_width\"><input type=\"hidden\" value=\"1\" name=\"avia_generated_form1\" \/><input type=\"submit\" value=\"Anmelden\" class=\"button\"  data-sending-label=\"Sending\"\/><\/p><\/fieldset><\/form><div id=\"ajaxresponse_1\" class=\"ajaxresponse ajaxresponse_1 hidden\"><\/div><\/div>\n<style type=\"text\/css\" data-created_by=\"avia_inline_auto\" id=\"style-css-av-av_one_third-2a64de42b738552fe666ca889af77e28\">\n.flex_column.av-av_one_third-2a64de42b738552fe666ca889af77e28{\nborder-radius:0px 0px 0px 0px;\npadding:0px 0px 0px 0px;\n}\n<\/style>\n<div  class='flex_column av-av_one_third-2a64de42b738552fe666ca889af77e28 av_one_third  avia-builder-el-23  el_after_av_one_third  el_before_av_one_third  flex_column_div av-zero-column-padding  column-top-margin'     ><\/div>\n<style type=\"text\/css\" data-created_by=\"avia_inline_auto\" id=\"style-css-av-av_one_third-2a64de42b738552fe666ca889af77e28\">\n.flex_column.av-av_one_third-2a64de42b738552fe666ca889af77e28{\nborder-radius:0px 0px 0px 0px;\npadding:0px 0px 0px 0px;\n}\n<\/style>\n<div  class='flex_column av-av_one_third-2a64de42b738552fe666ca889af77e28 av_one_third  avia-builder-el-24  el_after_av_one_third  avia-builder-el-last  flex_column_div av-zero-column-padding  column-top-margin'     ><\/div>\n<\/div><\/div><\/div><!-- close content main div --><\/div><\/div><div id='after_section_3'  class='main_color av_default_container_wrap container_wrap sidebar_right'  ><div class='container av-section-cont-open' ><div class='template-page content  av-content-small alpha units'><div class='post-entry post-entry-type-page post-entry-913'><div class='entry-content-wrapper clearfix'>\n","protected":false},"excerpt":{"rendered":"","protected":false},"author":1,"featured_media":0,"parent":0,"menu_order":30,"comment_status":"closed","ping_status":"closed","template":"","meta":{"footnotes":""},"class_list":["post-913","page","type-page","status-publish","hentry"],"_links":{"self":[{"href":"https:\/\/schlickfuss.de\/de\/wp-json\/wp\/v2\/pages\/913","targetHints":{"allow":["GET"]}}],"collection":[{"href":"https:\/\/schlickfuss.de\/de\/wp-json\/wp\/v2\/pages"}],"about":[{"href":"https:\/\/schlickfuss.de\/de\/wp-json\/wp\/v2\/types\/page"}],"author":[{"embeddable":true,"href":"https:\/\/schlickfuss.de\/de\/wp-json\/wp\/v2\/users\/1"}],"replies":[{"embeddable":true,"href":"https:\/\/schlickfuss.de\/de\/wp-json\/wp\/v2\/comments?post=913"}],"version-history":[{"count":12,"href":"https:\/\/schlickfuss.de\/de\/wp-json\/wp\/v2\/pages\/913\/revisions"}],"predecessor-version":[{"id":1665,"href":"https:\/\/schlickfuss.de\/de\/wp-json\/wp\/v2\/pages\/913\/revisions\/1665"}],"wp:attachment":[{"href":"https:\/\/schlickfuss.de\/de\/wp-json\/wp\/v2\/media?parent=913"}],"curies":[{"name":"wp","href":"https:\/\/api.w.org\/{rel}","templated":true}]}}